{"id":95,"date":"2024-01-29T08:48:49","date_gmt":"2024-01-29T07:48:49","guid":{"rendered":"https:\/\/jetstar.company\/pl\/?page_id=95"},"modified":"2024-08-12T13:38:08","modified_gmt":"2024-08-12T11:38:08","slug":"jet-star-international-pl","status":"publish","type":"page","link":"https:\/\/jetstar.company\/pl\/","title":{"rendered":"Jet Star International PL"},"content":{"rendered":"","protected":false},"excerpt":{"rendered":"","protected":false},"author":5,"featured_media":0,"parent":0,"menu_order":0,"comment_status":"closed","ping_status":"closed","template":"","meta":{"footnotes":""},"class_list":["post-95","page","type-page","status-publish","hentry","prodpage-classic"],"yoast_head":"<!-- This site is optimized with the Yoast SEO plugin v27.3 - https:\/\/yoast.com\/product\/yoast-seo-wordpress\/ -->\n<title>Jet Star International PL - PL Garnet, Waterjet Parts, Cutting Machines<\/title>\n<meta name=\"description\" content=\"Nasza oferta obejmuje zar\u00f3wno cz\u0119\u015bci zamienne, jak i \u015bcierniwa do wszystkich rodzaj\u00f3w i marek maszyn do ci\u0119cia wod\u0105\" \/>\n<meta name=\"robots\" content=\"index, follow, max-snippet:-1, max-image-preview:large, max-video-preview:-1\" \/>\n<link rel=\"canonical\" href=\"https:\/\/jetstar.company\/pl\/\" \/>\n<meta property=\"og:locale\" content=\"pl_PL\" \/>\n<meta property=\"og:type\" content=\"article\" \/>\n<meta property=\"og:title\" content=\"Jet Star International PL - PL Garnet, Waterjet Parts, Cutting Machines\" \/>\n<meta property=\"og:description\" content=\"Nasza oferta obejmuje zar\u00f3wno cz\u0119\u015bci zamienne, jak i \u015bcierniwa do wszystkich rodzaj\u00f3w i marek maszyn do ci\u0119cia wod\u0105\" \/>\n<meta property=\"og:url\" content=\"https:\/\/jetstar.company\/pl\/\" \/>\n<meta property=\"og:site_name\" content=\"PL Garnet, Waterjet Parts, Cutting Machines\" \/>\n<meta property=\"article:publisher\" content=\"https:\/\/www.facebook.com\/Jet-Star-International-2162112143802993\/\" \/>\n<meta property=\"article:modified_time\" content=\"2024-08-12T11:38:08+00:00\" \/>\n<meta property=\"og:image\" content=\"https:\/\/jetstar.company\/pl\/wp-content\/uploads\/sites\/7\/2024\/01\/logo_web.jpg\" \/>\n\t<meta property=\"og:image:width\" content=\"300\" \/>\n\t<meta property=\"og:image:height\" content=\"88\" \/>\n\t<meta property=\"og:image:type\" content=\"image\/jpeg\" \/>\n<meta name=\"twitter:card\" content=\"summary_large_image\" \/>\n<meta name=\"twitter:label1\" content=\"Szacowany czas czytania\" \/>\n\t<meta name=\"twitter:data1\" content=\"4 minuty\" \/>\n<script type=\"application\/ld+json\" class=\"yoast-schema-graph\">{\"@context\":\"https:\\\/\\\/schema.org\",\"@graph\":[{\"@type\":\"WebPage\",\"@id\":\"https:\\\/\\\/jetstar.company\\\/pl\\\/\",\"url\":\"https:\\\/\\\/jetstar.company\\\/pl\\\/\",\"name\":\"Jet Star International PL - PL Garnet, Waterjet Parts, Cutting Machines\",\"isPartOf\":{\"@id\":\"https:\\\/\\\/jetstar.company\\\/pl\\\/#website\"},\"datePublished\":\"2024-01-29T07:48:49+00:00\",\"dateModified\":\"2024-08-12T11:38:08+00:00\",\"description\":\"Nasza oferta obejmuje zar\u00f3wno cz\u0119\u015bci zamienne, jak i \u015bcierniwa do wszystkich rodzaj\u00f3w i marek maszyn do ci\u0119cia wod\u0105\",\"breadcrumb\":{\"@id\":\"https:\\\/\\\/jetstar.company\\\/pl\\\/#breadcrumb\"},\"inLanguage\":\"pl-PL\",\"potentialAction\":[{\"@type\":\"ReadAction\",\"target\":[\"https:\\\/\\\/jetstar.company\\\/pl\\\/\"]}]},{\"@type\":\"BreadcrumbList\",\"@id\":\"https:\\\/\\\/jetstar.company\\\/pl\\\/#breadcrumb\",\"itemListElement\":[{\"@type\":\"ListItem\",\"position\":1,\"name\":\"Strona g\u0142\u00f3wna\",\"item\":\"https:\\\/\\\/jetstar.company\\\/pl\\\/\"},{\"@type\":\"ListItem\",\"position\":2,\"name\":\"Jet Star International PL\"}]},{\"@type\":\"WebSite\",\"@id\":\"https:\\\/\\\/jetstar.company\\\/pl\\\/#website\",\"url\":\"https:\\\/\\\/jetstar.company\\\/pl\\\/\",\"name\":\"Wszystko dla maszyn do ci\u0119cia wod\u0105\",\"description\":\"\",\"publisher\":{\"@id\":\"https:\\\/\\\/jetstar.company\\\/pl\\\/#organization\"},\"potentialAction\":[{\"@type\":\"SearchAction\",\"target\":{\"@type\":\"EntryPoint\",\"urlTemplate\":\"https:\\\/\\\/jetstar.company\\\/pl\\\/?s={search_term_string}\"},\"query-input\":{\"@type\":\"PropertyValueSpecification\",\"valueRequired\":true,\"valueName\":\"search_term_string\"}}],\"inLanguage\":\"pl-PL\"},{\"@type\":\"Organization\",\"@id\":\"https:\\\/\\\/jetstar.company\\\/pl\\\/#organization\",\"name\":\"Jet Star International\",\"url\":\"https:\\\/\\\/jetstar.company\\\/pl\\\/\",\"logo\":{\"@type\":\"ImageObject\",\"inLanguage\":\"pl-PL\",\"@id\":\"https:\\\/\\\/jetstar.company\\\/pl\\\/#\\\/schema\\\/logo\\\/image\\\/\",\"url\":\"https:\\\/\\\/jetstar.company\\\/pl\\\/wp-content\\\/uploads\\\/sites\\\/7\\\/2024\\\/01\\\/logo_web.jpg\",\"contentUrl\":\"https:\\\/\\\/jetstar.company\\\/pl\\\/wp-content\\\/uploads\\\/sites\\\/7\\\/2024\\\/01\\\/logo_web.jpg\",\"width\":300,\"height\":88,\"caption\":\"Jet Star International\"},\"image\":{\"@id\":\"https:\\\/\\\/jetstar.company\\\/pl\\\/#\\\/schema\\\/logo\\\/image\\\/\"},\"sameAs\":[\"https:\\\/\\\/www.facebook.com\\\/Jet-Star-International-2162112143802993\\\/\",\"https:\\\/\\\/www.instagram.com\\\/jetstar.international\\\/\",\"https:\\\/\\\/www.linkedin.com\\\/company\\\/jet-star-international\\\/\"]}]}<\/script>\n<!-- \/ Yoast SEO plugin. -->","yoast_head_json":{"title":"Jet Star International PL - PL Garnet, Waterjet Parts, Cutting Machines","description":"Nasza oferta obejmuje zar\u00f3wno cz\u0119\u015bci zamienne, jak i \u015bcierniwa do wszystkich rodzaj\u00f3w i marek maszyn do ci\u0119cia wod\u0105","robots":{"index":"index","follow":"follow","max-snippet":"max-snippet:-1","max-image-preview":"max-image-preview:large","max-video-preview":"max-video-preview:-1"},"canonical":"https:\/\/jetstar.company\/pl\/","og_locale":"pl_PL","og_type":"article","og_title":"Jet Star International PL - PL Garnet, Waterjet Parts, Cutting Machines","og_description":"Nasza oferta obejmuje zar\u00f3wno cz\u0119\u015bci zamienne, jak i \u015bcierniwa do wszystkich rodzaj\u00f3w i marek maszyn do ci\u0119cia wod\u0105","og_url":"https:\/\/jetstar.company\/pl\/","og_site_name":"PL Garnet, Waterjet Parts, Cutting Machines","article_publisher":"https:\/\/www.facebook.com\/Jet-Star-International-2162112143802993\/","article_modified_time":"2024-08-12T11:38:08+00:00","og_image":[{"width":300,"height":88,"url":"https:\/\/jetstar.company\/pl\/wp-content\/uploads\/sites\/7\/2024\/01\/logo_web.jpg","type":"image\/jpeg"}],"twitter_card":"summary_large_image","twitter_misc":{"Szacowany czas czytania":"4 minuty"},"schema":{"@context":"https:\/\/schema.org","@graph":[{"@type":"WebPage","@id":"https:\/\/jetstar.company\/pl\/","url":"https:\/\/jetstar.company\/pl\/","name":"Jet Star International PL - PL Garnet, Waterjet Parts, Cutting Machines","isPartOf":{"@id":"https:\/\/jetstar.company\/pl\/#website"},"datePublished":"2024-01-29T07:48:49+00:00","dateModified":"2024-08-12T11:38:08+00:00","description":"Nasza oferta obejmuje zar\u00f3wno cz\u0119\u015bci zamienne, jak i \u015bcierniwa do wszystkich rodzaj\u00f3w i marek maszyn do ci\u0119cia wod\u0105","breadcrumb":{"@id":"https:\/\/jetstar.company\/pl\/#breadcrumb"},"inLanguage":"pl-PL","potentialAction":[{"@type":"ReadAction","target":["https:\/\/jetstar.company\/pl\/"]}]},{"@type":"BreadcrumbList","@id":"https:\/\/jetstar.company\/pl\/#breadcrumb","itemListElement":[{"@type":"ListItem","position":1,"name":"Strona g\u0142\u00f3wna","item":"https:\/\/jetstar.company\/pl\/"},{"@type":"ListItem","position":2,"name":"Jet Star International PL"}]},{"@type":"WebSite","@id":"https:\/\/jetstar.company\/pl\/#website","url":"https:\/\/jetstar.company\/pl\/","name":"Wszystko dla maszyn do ci\u0119cia wod\u0105","description":"","publisher":{"@id":"https:\/\/jetstar.company\/pl\/#organization"},"potentialAction":[{"@type":"SearchAction","target":{"@type":"EntryPoint","urlTemplate":"https:\/\/jetstar.company\/pl\/?s={search_term_string}"},"query-input":{"@type":"PropertyValueSpecification","valueRequired":true,"valueName":"search_term_string"}}],"inLanguage":"pl-PL"},{"@type":"Organization","@id":"https:\/\/jetstar.company\/pl\/#organization","name":"Jet Star International","url":"https:\/\/jetstar.company\/pl\/","logo":{"@type":"ImageObject","inLanguage":"pl-PL","@id":"https:\/\/jetstar.company\/pl\/#\/schema\/logo\/image\/","url":"https:\/\/jetstar.company\/pl\/wp-content\/uploads\/sites\/7\/2024\/01\/logo_web.jpg","contentUrl":"https:\/\/jetstar.company\/pl\/wp-content\/uploads\/sites\/7\/2024\/01\/logo_web.jpg","width":300,"height":88,"caption":"Jet Star International"},"image":{"@id":"https:\/\/jetstar.company\/pl\/#\/schema\/logo\/image\/"},"sameAs":["https:\/\/www.facebook.com\/Jet-Star-International-2162112143802993\/","https:\/\/www.instagram.com\/jetstar.international\/","https:\/\/www.linkedin.com\/company\/jet-star-international\/"]}]}},"_links":{"self":[{"href":"https:\/\/jetstar.company\/pl\/wp-json\/wp\/v2\/pages\/95","targetHints":{"allow":["GET"]}}],"collection":[{"href":"https:\/\/jetstar.company\/pl\/wp-json\/wp\/v2\/pages"}],"about":[{"href":"https:\/\/jetstar.company\/pl\/wp-json\/wp\/v2\/types\/page"}],"author":[{"embeddable":true,"href":"https:\/\/jetstar.company\/pl\/wp-json\/wp\/v2\/users\/5"}],"replies":[{"embeddable":true,"href":"https:\/\/jetstar.company\/pl\/wp-json\/wp\/v2\/comments?post=95"}],"version-history":[{"count":5,"href":"https:\/\/jetstar.company\/pl\/wp-json\/wp\/v2\/pages\/95\/revisions"}],"predecessor-version":[{"id":596,"href":"https:\/\/jetstar.company\/pl\/wp-json\/wp\/v2\/pages\/95\/revisions\/596"}],"wp:attachment":[{"href":"https:\/\/jetstar.company\/pl\/wp-json\/wp\/v2\/media?parent=95"}],"curies":[{"name":"wp","href":"https:\/\/api.w.org\/{rel}","templated":true}]}}